{"id":170,"date":"2013-09-09T02:22:12","date_gmt":"2013-09-09T06:22:12","guid":{"rendered":"http:\/\/www.jarox.cl\/site\/?page_id=170"},"modified":"2018-09-26T12:48:45","modified_gmt":"2018-09-26T16:48:45","slug":"otros-servicios","status":"publish","type":"page","link":"https:\/\/www.jarox.cl\/site\/?page_id=170","title":{"rendered":"Otros Productos"},"content":{"rendered":"<p>[et_pb_section bb_built=\u00bb1&#8243; specialty=\u00bboff\u00bb _builder_version=\u00bb3.14&#8243; background_image=\u00bbhttps:\/\/www.jarox.cl\/site\/wp-content\/uploads\/2018\/09\/fondo-titulo2-1.jpg\u00bb custom_css_main_element=\u00bbheight: 200px;\u00bb next_background_color=\u00bb#ffffff\u00bb][et_pb_row][et_pb_column type=\u00bb4_4&#8243;][et_pb_text admin_label=\u00bbTexto Cabecera Titulo\u00bb _builder_version=\u00bb3.14&#8243; header_font=\u00bb|700|||||||\u00bb header_text_align=\u00bbleft\u00bb header_text_color=\u00bbrgba(255,255,255,0.9)\u00bb header_font_size=\u00bb36px\u00bb]<\/p>\n<h1>Otros Productos<\/h1>\n<p>[\/et_pb_text][\/et_pb_column][\/et_pb_row][\/et_pb_section][et_pb_section bb_built=\u00bb1&#8243; fullwidth=\u00bboff\u00bb specialty=\u00bboff\u00bb prev_background_color=\u00bb#000000&#8243; _builder_version=\u00bb3.14&#8243; next_background_color=\u00bb#e8e8e8&#8243;][et_pb_row _builder_version=\u00bb3.14&#8243; module_alignment=\u00bbcenter\u00bb make_fullwidth=\u00bbon\u00bb use_custom_gutter=\u00bbon\u00bb gutter_width=\u00bb1&#8243;][et_pb_column type=\u00bb4_4&#8243;][et_pb_blurb admin_label=\u00bbAnuncio haga clic\u00bb _builder_version=\u00bb3.14&#8243; title=\u00bbGaler\u00eda Im\u00e1genes\u00bb use_icon=\u00bbon\u00bb font_icon=\u00bb%%108%%\u00bb icon_color=\u00bb#f9a600&#8243; use_circle=\u00bbon\u00bb circle_color=\u00bb#000000&#8243; icon_placement=\u00bbleft\u00bb max_width=\u00bb80%\u00bb module_alignment=\u00bbleft\u00bb]<\/p>\n<p>Haga clic sobre la imagen<\/p>\n<p>[\/et_pb_blurb][et_pb_gallery admin_label=\u00bbGaler\u00eda Imagenes\u00bb _builder_version=\u00bb3.14&#8243; gallery_ids=\u00bb729,730,731,732,733,734,735,736,737,738,739,740,741,742,743,744,745,746&#8243; zoom_icon_color=\u00bb#2ea3f2&#8243; hover_overlay_color=\u00bbrgba(255,255,255,0.9)\u00bb show_title_and_caption=\u00bboff\u00bb module_alignment=\u00bbcenter\u00bb max_width=\u00bb90%\u00bb border_width_all_image=\u00bb1px\u00bb border_color_all_image=\u00bb#ffffff\u00bb custom_margin=\u00bb20px|||\u00bb \/][\/et_pb_column][\/et_pb_row][et_pb_row _builder_version=\u00bb3.14&#8243; module_alignment=\u00bbcenter\u00bb][et_pb_column type=\u00bb4_4&#8243;][et_pb_text admin_label=\u00bbTexto Contenido\u00bb _builder_version=\u00bb3.14&#8243;]<\/p>\n<ul>\n<li>Bolsos porta miniscape<\/li>\n<li>Protecciones para equipos<\/li>\n<li>Cortinas anti\u00e1cidas<\/li>\n<li>Carpas tipo toldo<\/li>\n<li>Protecci\u00f3n tipo embalaje<\/li>\n<\/ul>\n<p>[\/et_pb_text][\/et_pb_column][\/et_pb_row][\/et_pb_section][et_pb_section bb_built=\u00bb1&#8243; specialty=\u00bboff\u00bb prev_background_color=\u00bb#ffffff\u00bb _builder_version=\u00bb3.14&#8243; background_color=\u00bb#e8e8e8&#8243; global_module=\u00bb470&#8243;][et_pb_row global_parent=\u00bb470&#8243; _builder_version=\u00bb3.14&#8243; module_alignment=\u00bbcenter\u00bb make_fullwidth=\u00bbon\u00bb][et_pb_column type=\u00bb1_3&#8243;][et_pb_image global_parent=\u00bb470&#8243; _builder_version=\u00bb3.14&#8243; src=\u00bbhttps:\/\/www.jarox.cl\/site\/wp-content\/uploads\/2018\/09\/logo-gris.fw_.png\u00bb custom_padding=\u00bb|20px||20px\u00bb \/][\/et_pb_column][et_pb_column type=\u00bb1_3&#8243;][et_pb_blurb admin_label=\u00bbEmail\u00bb global_parent=\u00bb470&#8243; _builder_version=\u00bb3.14&#8243; use_icon=\u00bbon\u00bb font_icon=\u00bb%%153%%\u00bb icon_color=\u00bb#f9aa00&#8243; use_circle=\u00bbon\u00bb circle_color=\u00bbrgba(0,0,0,0.75)\u00bb icon_placement=\u00bbleft\u00bb title=\u00bbE-Mail\u00bb]<\/p>\n<p>ventas@jarox.cl<\/p>\n<p style=\"text-align: justify;\">\n<p>[\/et_pb_blurb][et_pb_blurb admin_label=\u00bbred fija\u00bb global_parent=\u00bb470&#8243; _builder_version=\u00bb3.14&#8243; use_icon=\u00bbon\u00bb font_icon=\u00bb%%264%%\u00bb icon_color=\u00bb#f9aa00&#8243; use_circle=\u00bbon\u00bb circle_color=\u00bbrgba(0,0,0,0.75)\u00bb icon_placement=\u00bbleft\u00bb title=\u00bbRed Fija\u00bb header_font=\u00bbAbel||||||||\u00bb body_font=\u00bbAbel||||||||\u00bb header_text_align=\u00bbleft\u00bb body_text_align=\u00bbleft\u00bb]<\/p>\n<p>+56 2 2893 3328<\/p>\n<p style=\"text-align: justify;\">\n<p>[\/et_pb_blurb][\/et_pb_column][et_pb_column type=\u00bb1_3&#8243;][et_pb_blurb admin_label=\u00bbCelular 1&#8243; global_parent=\u00bb470&#8243; _builder_version=\u00bb3.14&#8243; use_icon=\u00bbon\u00bb font_icon=\u00bb%%104%%\u00bb icon_color=\u00bb#f9aa00&#8243; use_circle=\u00bbon\u00bb circle_color=\u00bbrgba(0,0,0,0.75)\u00bb icon_placement=\u00bbleft\u00bb title=\u00bbCelular 1&#8243;]<\/p>\n<p>+56 9 6689 6359<\/p>\n<p style=\"text-align: justify;\">\n<p>[\/et_pb_blurb][et_pb_blurb admin_label=\u00bbCelular 2&#8243; global_parent=\u00bb470&#8243; _builder_version=\u00bb3.14&#8243; use_icon=\u00bbon\u00bb font_icon=\u00bb%%104%%\u00bb icon_color=\u00bb#f9aa00&#8243; use_circle=\u00bbon\u00bb circle_color=\u00bbrgba(0,0,0,0.75)\u00bb icon_placement=\u00bbleft\u00bb title=\u00bbCelular 2&#8243;]<\/p>\n<p>+56 9 6689 6360<\/p>\n<p style=\"text-align: justify;\">\n<p>[\/et_pb_blurb][\/et_pb_column][\/et_pb_row][et_pb_row global_parent=\u00bb470&#8243; _builder_version=\u00bb3.14&#8243; make_fullwidth=\u00bbon\u00bb custom_margin=\u00bb||-5%|\u00bb][et_pb_column type=\u00bb4_4&#8243;][et_pb_text admin_label=\u00bbTexto creditos\u00bb global_parent=\u00bb470&#8243; _builder_version=\u00bb3.14&#8243; text_font=\u00bbAbel||||||||\u00bb text_font_size=\u00bb11px\u00bb custom_margin=\u00bb-5%|||\u00bb]<\/p>\n<div class=\"et_pb_row et_pb_row_4\">\n<div class=\"et_pb_column et_pb_column_4_4 et_pb_column_9 et_pb_css_mix_blend_mode_passthrough et-last-child\">\n<div class=\"et_pb_module et_pb_text et_pb_text_4 et_pb_bg_layout_light et_pb_text_align_left\">\n<div class=\"et_pb_text_inner\">\n<p style=\"text-align: right;\">\u00a9 JAROX \u2022 Dise\u00f1o web por <a href=\"http:\/\/www.ultraweb.cl\" target=\"_blank\" rel=\"noopener\"><u>Ultraweb.cl<\/u><\/a>\u00a0\u2022 Marca registrada \u2022 Derechos reservados<\/p>\n<\/div>\n<\/div>\n<\/div>\n<\/div>\n<p style=\"text-align: justify;\">\n<p>[\/et_pb_text][\/et_pb_column][\/et_pb_row][\/et_pb_section]<\/p>\n","protected":false},"excerpt":{"rendered":"<p><div class=\"et_pb_row et_pb_row_0 et_pb_row_empty\">\n\t\t\t\t\n\t\t\t\t\n\t\t\t\t\n\t\t\t\t\n\t\t\t\t\n\t\t\t<\/div> Otros Productos Haga clic sobre la imagen Bolsos porta miniscape Protecciones para equipos Cortinas anti\u00e1cidas Carpas tipo toldo Protecci\u00f3n tipo embalaje ventas@jarox.cl +56 2 2893 3328 +56 9 6689 6359 +56 9 6689 6360 \u00a9 JAROX \u2022 Dise\u00f1o web por Ultraweb.cl\u00a0\u2022 Marca registrada \u2022 Derechos reservados<\/p>\n","protected":false},"author":1,"featured_media":0,"parent":0,"menu_order":0,"comment_status":"open","ping_status":"open","template":"","meta":{"_et_pb_use_builder":"on","_et_pb_old_content":"<p>[symple_heading type=\"h2\" title=\"Servicios Menores\" margin_top=\"20px;\" margin_bottom=\"20px\" text_align=\"left\"]<\/p><p>Personal con las competencias y requisitos necesarios para la realizaci\u00f3n de servicio menores tales como pintura y reparaciones en general.<\/p><p style=\"text-align: center;\">\u00a0<img class=\"alignnone size-full wp-image-221\" src=\"https:\/\/www.jarox.cl\/site\/wp-content\/uploads\/2013\/09\/serviciosmenores.png\" alt=\"serviciosmenores\" width=\"600\" height=\"338\"><\/p><p>[symple_heading type=\"h2\" title=\"Reparaci\u00f3n Placas de Filtrados\" margin_top=\"20px;\" margin_bottom=\"20px\" text_align=\"left\"]<\/p><p style=\"text-align: justify;\">En JAROX Ltda. estamos en condiciones de ofrecer el servicio de reparaci\u00f3n de placas de filtrado a fin de alargar su vida \u00fatil.<br>Servicio realizado en nuestras instalaciones mediante aporte de soldadura de PP \u00f3 PE por extrusi\u00f3n.<\/p><p>\u00a0<\/p><p>\u00a0<\/p>","_et_gb_content_width":"","footnotes":""},"_links":{"self":[{"href":"https:\/\/www.jarox.cl\/site\/index.php?rest_route=\/wp\/v2\/pages\/170"}],"collection":[{"href":"https:\/\/www.jarox.cl\/site\/index.php?rest_route=\/wp\/v2\/pages"}],"about":[{"href":"https:\/\/www.jarox.cl\/site\/index.php?rest_route=\/wp\/v2\/types\/page"}],"author":[{"embeddable":true,"href":"https:\/\/www.jarox.cl\/site\/index.php?rest_route=\/wp\/v2\/users\/1"}],"replies":[{"embeddable":true,"href":"https:\/\/www.jarox.cl\/site\/index.php?rest_route=%2Fwp%2Fv2%2Fcomments&post=170"}],"version-history":[{"count":15,"href":"https:\/\/www.jarox.cl\/site\/index.php?rest_route=\/wp\/v2\/pages\/170\/revisions"}],"predecessor-version":[{"id":847,"href":"https:\/\/www.jarox.cl\/site\/index.php?rest_route=\/wp\/v2\/pages\/170\/revisions\/847"}],"wp:attachment":[{"href":"https:\/\/www.jarox.cl\/site\/index.php?rest_route=%2Fwp%2Fv2%2Fmedia&parent=170"}],"curies":[{"name":"wp","href":"https:\/\/api.w.org\/{rel}","templated":true}]}}