{"id":15,"date":"2013-08-12T20:46:57","date_gmt":"2013-08-12T20:46:57","guid":{"rendered":"http:\/\/jarox.cl\/site\/?page_id=15"},"modified":"2018-09-21T12:06:13","modified_gmt":"2018-09-21T16:06:13","slug":"jarox","status":"publish","type":"page","link":"https:\/\/www.jarox.cl\/site\/","title":{"rendered":"Inicio"},"content":{"rendered":"<p>[et_pb_section bb_built=\u00bb1&#8243; fullwidth=\u00bbon\u00bb specialty=\u00bboff\u00bb next_background_color=\u00bb#000000&#8243;][et_pb_fullwidth_slider _builder_version=\u00bb3.14&#8243; auto=\u00bbon\u00bb auto_speed=\u00bb3000&#8243;][et_pb_slide _builder_version=\u00bb3.14&#8243; button_link=\u00bbhttps:\/\/www.jarox.cl\/site\/?page_id=51&#8243; background_color=\u00bb#ffffff\u00bb use_background_color_gradient=\u00bboff\u00bb background_color_gradient_start=\u00bb#2b87da\u00bb background_color_gradient_end=\u00bb#29c4a9&#8243; background_color_gradient_type=\u00bblinear\u00bb background_color_gradient_direction=\u00bb180deg\u00bb background_color_gradient_direction_radial=\u00bbcenter\u00bb background_color_gradient_start_position=\u00bb0%\u00bb background_color_gradient_end_position=\u00bb100%\u00bb background_color_gradient_overlays_image=\u00bboff\u00bb background_image=\u00bbhttps:\/\/www.jarox.cl\/site\/wp-content\/uploads\/2018\/09\/slice01-02-aisla-flexible.jpg\u00bb parallax=\u00bboff\u00bb parallax_method=\u00bbon\u00bb background_size=\u00bbcover\u00bb background_position=\u00bbcenter\u00bb background_repeat=\u00bbno-repeat\u00bb background_blend=\u00bbnormal\u00bb allow_player_pause=\u00bboff\u00bb background_video_pause_outside_viewport=\u00bbon\u00bb use_bg_overlay=\u00bboff\u00bb use_text_overlay=\u00bboff\u00bb text_border_radius=\u00bb3&#8243; alignment=\u00bbcenter\u00bb child_filter_hue_rotate=\u00bb0deg\u00bb child_filter_saturate=\u00bb100%\u00bb child_filter_brightness=\u00bb100%\u00bb child_filter_contrast=\u00bb100%\u00bb child_filter_invert=\u00bb0%\u00bb child_filter_sepia=\u00bb0%\u00bb child_filter_opacity=\u00bb100%\u00bb child_filter_blur=\u00bb0px\u00bb child_mix_blend_mode=\u00bbnormal\u00bb background_layout=\u00bbdark\u00bb text_shadow_style=\u00bbpreset1&#8243; header_text_shadow_style=\u00bbpreset1&#8243; body_text_shadow_style=\u00bbnone\u00bb custom_button=\u00bboff\u00bb button_bg_use_color_gradient=\u00bboff\u00bb button_bg_color_gradient_overlays_image=\u00bboff\u00bb button_use_icon=\u00bbon\u00bb button_on_hover=\u00bbon\u00bb button_text_shadow_style=\u00bbnone\u00bb box_shadow_style_button=\u00bbnone\u00bb text_shadow_horizontal_length=\u00bb0em\u00bb text_shadow_vertical_length=\u00bb0.1em\u00bb text_shadow_blur_strength=\u00bb0.1em\u00bb header_text_shadow_horizontal_length=\u00bb0em\u00bb header_text_shadow_vertical_length=\u00bb0.1em\u00bb header_text_shadow_blur_strength=\u00bb0.1em\u00bb body_text_shadow_horizontal_length=\u00bb0em\u00bb body_text_shadow_vertical_length=\u00bb0em\u00bb body_text_shadow_blur_strength=\u00bb0em\u00bb button_text_shadow_horizontal_length=\u00bb0em\u00bb button_text_shadow_vertical_length=\u00bb0em\u00bb button_text_shadow_blur_strength=\u00bb0em\u00bb custom_css_after=\u00bbheight: 400px;\u00bb heading=\u00bbAislaciones T\u00e9rmicas Flexibles\u00bb button_text=\u00bbVer M\u00e1s\u00bb text_orientation=\u00bbleft\u00bb header_font=\u00bb|800|||||||\u00bb \/][et_pb_slide _builder_version=\u00bb3.14&#8243; button_link=\u00bbhttps:\/\/www.jarox.cl\/site\/?page_id=48&#8243; background_color=\u00bb#ffffff\u00bb use_background_color_gradient=\u00bboff\u00bb background_color_gradient_start=\u00bb#2b87da\u00bb background_color_gradient_end=\u00bb#29c4a9&#8243; background_color_gradient_type=\u00bblinear\u00bb background_color_gradient_direction=\u00bb180deg\u00bb background_color_gradient_direction_radial=\u00bbcenter\u00bb background_color_gradient_start_position=\u00bb0%\u00bb background_color_gradient_end_position=\u00bb100%\u00bb background_color_gradient_overlays_image=\u00bboff\u00bb background_image=\u00bbhttps:\/\/www.jarox.cl\/site\/wp-content\/uploads\/2018\/09\/slice02-02-aisla-rigido.jpg\u00bb parallax=\u00bboff\u00bb parallax_method=\u00bbon\u00bb background_size=\u00bbcover\u00bb background_position=\u00bbcenter\u00bb background_repeat=\u00bbno-repeat\u00bb background_blend=\u00bbnormal\u00bb allow_player_pause=\u00bboff\u00bb background_video_pause_outside_viewport=\u00bbon\u00bb use_bg_overlay=\u00bboff\u00bb use_text_overlay=\u00bboff\u00bb text_border_radius=\u00bb3&#8243; alignment=\u00bbcenter\u00bb child_filter_hue_rotate=\u00bb0deg\u00bb child_filter_saturate=\u00bb100%\u00bb child_filter_brightness=\u00bb100%\u00bb child_filter_contrast=\u00bb100%\u00bb child_filter_invert=\u00bb0%\u00bb child_filter_sepia=\u00bb0%\u00bb child_filter_opacity=\u00bb100%\u00bb child_filter_blur=\u00bb0px\u00bb child_mix_blend_mode=\u00bbnormal\u00bb background_layout=\u00bbdark\u00bb text_shadow_style=\u00bbpreset1&#8243; header_text_shadow_style=\u00bbpreset1&#8243; body_text_shadow_style=\u00bbnone\u00bb custom_button=\u00bboff\u00bb button_bg_use_color_gradient=\u00bboff\u00bb button_bg_color_gradient_overlays_image=\u00bboff\u00bb button_use_icon=\u00bbon\u00bb button_on_hover=\u00bbon\u00bb button_text_shadow_style=\u00bbnone\u00bb box_shadow_style_button=\u00bbnone\u00bb text_shadow_horizontal_length=\u00bb0em\u00bb text_shadow_vertical_length=\u00bb0.1em\u00bb text_shadow_blur_strength=\u00bb0.1em\u00bb header_text_shadow_horizontal_length=\u00bb0em\u00bb header_text_shadow_vertical_length=\u00bb0.1em\u00bb header_text_shadow_blur_strength=\u00bb0.1em\u00bb body_text_shadow_horizontal_length=\u00bb0em\u00bb body_text_shadow_vertical_length=\u00bb0em\u00bb body_text_shadow_blur_strength=\u00bb0em\u00bb button_text_shadow_horizontal_length=\u00bb0em\u00bb button_text_shadow_vertical_length=\u00bb0em\u00bb button_text_shadow_blur_strength=\u00bb0em\u00bb custom_css_after=\u00bbheight: 400px;\u00bb heading=\u00bbAislaciones T\u00e9rmicas Rigidas\u00bb button_text=\u00bbVer M\u00e1s\u00bb text_orientation=\u00bbleft\u00bb header_font=\u00bb|800|||||||\u00bb \/][et_pb_slide _builder_version=\u00bb3.14&#8243; button_link=\u00bbhttps:\/\/www.jarox.cl\/site\/?page_id=55&#8243; background_color=\u00bb#ffffff\u00bb use_background_color_gradient=\u00bboff\u00bb background_color_gradient_start=\u00bb#2b87da\u00bb background_color_gradient_end=\u00bb#29c4a9&#8243; background_color_gradient_type=\u00bblinear\u00bb background_color_gradient_direction=\u00bb180deg\u00bb background_color_gradient_direction_radial=\u00bbcenter\u00bb background_color_gradient_start_position=\u00bb0%\u00bb background_color_gradient_end_position=\u00bb100%\u00bb background_color_gradient_overlays_image=\u00bboff\u00bb background_image=\u00bbhttps:\/\/www.jarox.cl\/site\/wp-content\/uploads\/2018\/09\/slice03-02-encapsulamientos.jpg\u00bb parallax=\u00bboff\u00bb parallax_method=\u00bbon\u00bb background_size=\u00bbcover\u00bb background_position=\u00bbcenter\u00bb background_repeat=\u00bbno-repeat\u00bb background_blend=\u00bbnormal\u00bb allow_player_pause=\u00bboff\u00bb background_video_pause_outside_viewport=\u00bbon\u00bb use_bg_overlay=\u00bboff\u00bb use_text_overlay=\u00bboff\u00bb text_border_radius=\u00bb3&#8243; alignment=\u00bbcenter\u00bb child_filter_hue_rotate=\u00bb0deg\u00bb child_filter_saturate=\u00bb100%\u00bb child_filter_brightness=\u00bb100%\u00bb child_filter_contrast=\u00bb100%\u00bb child_filter_invert=\u00bb0%\u00bb child_filter_sepia=\u00bb0%\u00bb child_filter_opacity=\u00bb100%\u00bb child_filter_blur=\u00bb0px\u00bb child_mix_blend_mode=\u00bbnormal\u00bb background_layout=\u00bbdark\u00bb text_shadow_style=\u00bbpreset1&#8243; header_text_shadow_style=\u00bbpreset1&#8243; body_text_shadow_style=\u00bbnone\u00bb custom_button=\u00bboff\u00bb button_bg_use_color_gradient=\u00bboff\u00bb button_bg_color_gradient_overlays_image=\u00bboff\u00bb button_use_icon=\u00bbon\u00bb button_on_hover=\u00bbon\u00bb button_text_shadow_style=\u00bbnone\u00bb box_shadow_style_button=\u00bbnone\u00bb text_shadow_horizontal_length=\u00bb0em\u00bb text_shadow_vertical_length=\u00bb0.1em\u00bb text_shadow_blur_strength=\u00bb0.1em\u00bb header_text_shadow_horizontal_length=\u00bb0em\u00bb header_text_shadow_vertical_length=\u00bb0.1em\u00bb header_text_shadow_blur_strength=\u00bb0.1em\u00bb body_text_shadow_horizontal_length=\u00bb0em\u00bb body_text_shadow_vertical_length=\u00bb0em\u00bb body_text_shadow_blur_strength=\u00bb0em\u00bb button_text_shadow_horizontal_length=\u00bb0em\u00bb button_text_shadow_vertical_length=\u00bb0em\u00bb button_text_shadow_blur_strength=\u00bb0em\u00bb custom_css_after=\u00bbheight: 400px;\u00bb heading=\u00bbEncapsulamientos\u00bb button_text=\u00bbVer M\u00e1s\u00bb text_orientation=\u00bbleft\u00bb header_font=\u00bb|800|||||||\u00bb \/][et_pb_slide _builder_version=\u00bb3.14&#8243; button_link=\u00bbhttps:\/\/www.jarox.cl\/site\/?page_id=46&#8243; background_color=\u00bb#ffffff\u00bb use_background_color_gradient=\u00bboff\u00bb background_color_gradient_start=\u00bb#2b87da\u00bb background_color_gradient_end=\u00bb#29c4a9&#8243; background_color_gradient_type=\u00bblinear\u00bb background_color_gradient_direction=\u00bb180deg\u00bb background_color_gradient_direction_radial=\u00bbcenter\u00bb background_color_gradient_start_position=\u00bb0%\u00bb background_color_gradient_end_position=\u00bb100%\u00bb background_color_gradient_overlays_image=\u00bboff\u00bb background_image=\u00bbhttps:\/\/www.jarox.cl\/site\/wp-content\/uploads\/2018\/09\/slice04-juntas-expansion.jpg\u00bb parallax=\u00bboff\u00bb parallax_method=\u00bbon\u00bb background_size=\u00bbcover\u00bb background_position=\u00bbcenter\u00bb background_repeat=\u00bbno-repeat\u00bb background_blend=\u00bbnormal\u00bb allow_player_pause=\u00bboff\u00bb background_video_pause_outside_viewport=\u00bbon\u00bb use_bg_overlay=\u00bboff\u00bb use_text_overlay=\u00bboff\u00bb text_border_radius=\u00bb3&#8243; alignment=\u00bbcenter\u00bb child_filter_hue_rotate=\u00bb0deg\u00bb child_filter_saturate=\u00bb100%\u00bb child_filter_brightness=\u00bb100%\u00bb child_filter_contrast=\u00bb100%\u00bb child_filter_invert=\u00bb0%\u00bb child_filter_sepia=\u00bb0%\u00bb child_filter_opacity=\u00bb100%\u00bb child_filter_blur=\u00bb0px\u00bb child_mix_blend_mode=\u00bbnormal\u00bb background_layout=\u00bbdark\u00bb text_shadow_style=\u00bbpreset1&#8243; header_text_shadow_style=\u00bbpreset1&#8243; body_text_shadow_style=\u00bbnone\u00bb custom_button=\u00bboff\u00bb button_bg_use_color_gradient=\u00bboff\u00bb button_bg_color_gradient_overlays_image=\u00bboff\u00bb button_use_icon=\u00bbon\u00bb button_on_hover=\u00bbon\u00bb button_text_shadow_style=\u00bbnone\u00bb box_shadow_style_button=\u00bbnone\u00bb text_shadow_horizontal_length=\u00bb0em\u00bb text_shadow_vertical_length=\u00bb0.1em\u00bb text_shadow_blur_strength=\u00bb0.1em\u00bb header_text_shadow_horizontal_length=\u00bb0em\u00bb header_text_shadow_vertical_length=\u00bb0.1em\u00bb header_text_shadow_blur_strength=\u00bb0.1em\u00bb body_text_shadow_horizontal_length=\u00bb0em\u00bb body_text_shadow_vertical_length=\u00bb0em\u00bb body_text_shadow_blur_strength=\u00bb0em\u00bb button_text_shadow_horizontal_length=\u00bb0em\u00bb button_text_shadow_vertical_length=\u00bb0em\u00bb button_text_shadow_blur_strength=\u00bb0em\u00bb custom_css_after=\u00bbheight: 400px;\u00bb heading=\u00bbJuntas de Expansi\u00f3n\u00bb button_text=\u00bbVer M\u00e1s\u00bb text_orientation=\u00bbleft\u00bb header_font=\u00bb|800|||||||\u00bb \/][et_pb_slide _builder_version=\u00bb3.14&#8243; button_link=\u00bbhttps:\/\/www.jarox.cl\/site\/?page_id=158&#8243; background_color=\u00bb#ffffff\u00bb use_background_color_gradient=\u00bboff\u00bb background_color_gradient_start=\u00bb#2b87da\u00bb background_color_gradient_end=\u00bb#29c4a9&#8243; background_color_gradient_type=\u00bblinear\u00bb background_color_gradient_direction=\u00bb180deg\u00bb background_color_gradient_direction_radial=\u00bbcenter\u00bb background_color_gradient_start_position=\u00bb0%\u00bb background_color_gradient_end_position=\u00bb100%\u00bb background_color_gradient_overlays_image=\u00bboff\u00bb background_image=\u00bbhttps:\/\/www.jarox.cl\/site\/wp-content\/uploads\/2018\/09\/slice05-03-revestimientos.jpg\u00bb parallax=\u00bboff\u00bb parallax_method=\u00bbon\u00bb background_size=\u00bbcover\u00bb background_position=\u00bbcenter\u00bb background_repeat=\u00bbno-repeat\u00bb background_blend=\u00bbnormal\u00bb allow_player_pause=\u00bboff\u00bb background_video_pause_outside_viewport=\u00bbon\u00bb use_bg_overlay=\u00bboff\u00bb use_text_overlay=\u00bboff\u00bb text_border_radius=\u00bb3&#8243; alignment=\u00bbcenter\u00bb child_filter_hue_rotate=\u00bb0deg\u00bb child_filter_saturate=\u00bb100%\u00bb child_filter_brightness=\u00bb100%\u00bb child_filter_contrast=\u00bb100%\u00bb child_filter_invert=\u00bb0%\u00bb child_filter_sepia=\u00bb0%\u00bb child_filter_opacity=\u00bb100%\u00bb child_filter_blur=\u00bb0px\u00bb child_mix_blend_mode=\u00bbnormal\u00bb background_layout=\u00bbdark\u00bb text_shadow_style=\u00bbpreset1&#8243; header_text_shadow_style=\u00bbpreset1&#8243; body_text_shadow_style=\u00bbnone\u00bb custom_button=\u00bboff\u00bb button_bg_use_color_gradient=\u00bboff\u00bb button_bg_color_gradient_overlays_image=\u00bboff\u00bb button_use_icon=\u00bbon\u00bb button_on_hover=\u00bbon\u00bb button_text_shadow_style=\u00bbnone\u00bb box_shadow_style_button=\u00bbnone\u00bb text_shadow_horizontal_length=\u00bb0em\u00bb text_shadow_vertical_length=\u00bb0.1em\u00bb text_shadow_blur_strength=\u00bb0.1em\u00bb header_text_shadow_horizontal_length=\u00bb0em\u00bb header_text_shadow_vertical_length=\u00bb0.1em\u00bb header_text_shadow_blur_strength=\u00bb0.1em\u00bb body_text_shadow_horizontal_length=\u00bb0em\u00bb body_text_shadow_vertical_length=\u00bb0em\u00bb body_text_shadow_blur_strength=\u00bb0em\u00bb button_text_shadow_horizontal_length=\u00bb0em\u00bb button_text_shadow_vertical_length=\u00bb0em\u00bb button_text_shadow_blur_strength=\u00bb0em\u00bb custom_css_after=\u00bbheight: 400px;\u00bb heading=\u00bbRevestimientos en Polietileno\u00bb button_text=\u00bbVer M\u00e1s\u00bb text_orientation=\u00bbleft\u00bb header_font=\u00bb|800|||||||\u00bb \/][et_pb_slide _builder_version=\u00bb3.14&#8243; button_link=\u00bbhttps:\/\/www.jarox.cl\/site\/?page_id=162&#8243; background_color=\u00bb#ffffff\u00bb use_background_color_gradient=\u00bboff\u00bb background_color_gradient_start=\u00bb#2b87da\u00bb background_color_gradient_end=\u00bb#29c4a9&#8243; background_color_gradient_type=\u00bblinear\u00bb background_color_gradient_direction=\u00bb180deg\u00bb background_color_gradient_direction_radial=\u00bbcenter\u00bb background_color_gradient_start_position=\u00bb0%\u00bb background_color_gradient_end_position=\u00bb100%\u00bb background_color_gradient_overlays_image=\u00bboff\u00bb background_image=\u00bbhttps:\/\/www.jarox.cl\/site\/wp-content\/uploads\/2018\/09\/slice06-02-cubreflanges.jpg\u00bb parallax=\u00bboff\u00bb parallax_method=\u00bbon\u00bb background_size=\u00bbcover\u00bb background_position=\u00bbcenter\u00bb background_repeat=\u00bbno-repeat\u00bb background_blend=\u00bbnormal\u00bb allow_player_pause=\u00bboff\u00bb background_video_pause_outside_viewport=\u00bbon\u00bb use_bg_overlay=\u00bboff\u00bb use_text_overlay=\u00bboff\u00bb text_border_radius=\u00bb3&#8243; alignment=\u00bbcenter\u00bb child_filter_hue_rotate=\u00bb0deg\u00bb child_filter_saturate=\u00bb100%\u00bb child_filter_brightness=\u00bb100%\u00bb child_filter_contrast=\u00bb100%\u00bb child_filter_invert=\u00bb0%\u00bb child_filter_sepia=\u00bb0%\u00bb child_filter_opacity=\u00bb100%\u00bb child_filter_blur=\u00bb0px\u00bb child_mix_blend_mode=\u00bbnormal\u00bb background_layout=\u00bbdark\u00bb text_shadow_style=\u00bbpreset1&#8243; header_text_shadow_style=\u00bbpreset1&#8243; body_text_shadow_style=\u00bbnone\u00bb custom_button=\u00bboff\u00bb button_bg_use_color_gradient=\u00bboff\u00bb button_bg_color_gradient_overlays_image=\u00bboff\u00bb button_use_icon=\u00bbon\u00bb button_on_hover=\u00bbon\u00bb button_text_shadow_style=\u00bbnone\u00bb box_shadow_style_button=\u00bbnone\u00bb text_shadow_horizontal_length=\u00bb0em\u00bb text_shadow_vertical_length=\u00bb0.1em\u00bb text_shadow_blur_strength=\u00bb0.1em\u00bb header_text_shadow_horizontal_length=\u00bb0em\u00bb header_text_shadow_vertical_length=\u00bb0.1em\u00bb header_text_shadow_blur_strength=\u00bb0.1em\u00bb body_text_shadow_horizontal_length=\u00bb0em\u00bb body_text_shadow_vertical_length=\u00bb0em\u00bb body_text_shadow_blur_strength=\u00bb0em\u00bb button_text_shadow_horizontal_length=\u00bb0em\u00bb button_text_shadow_vertical_length=\u00bb0em\u00bb button_text_shadow_blur_strength=\u00bb0em\u00bb custom_css_after=\u00bbheight: 400px;\u00bb heading=\u00bbCubre Flanges\u00bb button_text=\u00bbVer M\u00e1s\u00bb text_orientation=\u00bbleft\u00bb header_font=\u00bb|800|||||||\u00bb \/][et_pb_slide _builder_version=\u00bb3.14&#8243; button_link=\u00bbhttps:\/\/www.jarox.cl\/site\/?page_id=57&#8243; background_color=\u00bb#ffffff\u00bb use_background_color_gradient=\u00bboff\u00bb background_color_gradient_start=\u00bb#2b87da\u00bb background_color_gradient_end=\u00bb#29c4a9&#8243; background_color_gradient_type=\u00bblinear\u00bb background_color_gradient_direction=\u00bb180deg\u00bb background_color_gradient_direction_radial=\u00bbcenter\u00bb background_color_gradient_start_position=\u00bb0%\u00bb background_color_gradient_end_position=\u00bb100%\u00bb background_color_gradient_overlays_image=\u00bboff\u00bb background_image=\u00bbhttps:\/\/www.jarox.cl\/site\/wp-content\/uploads\/2018\/09\/slice07-mecanizados-plasticos.jpg\u00bb parallax=\u00bboff\u00bb parallax_method=\u00bbon\u00bb background_size=\u00bbcover\u00bb background_position=\u00bbcenter\u00bb background_repeat=\u00bbno-repeat\u00bb background_blend=\u00bbnormal\u00bb allow_player_pause=\u00bboff\u00bb background_video_pause_outside_viewport=\u00bbon\u00bb use_bg_overlay=\u00bboff\u00bb use_text_overlay=\u00bboff\u00bb text_border_radius=\u00bb3&#8243; alignment=\u00bbcenter\u00bb child_filter_hue_rotate=\u00bb0deg\u00bb child_filter_saturate=\u00bb100%\u00bb child_filter_brightness=\u00bb100%\u00bb child_filter_contrast=\u00bb100%\u00bb child_filter_invert=\u00bb0%\u00bb child_filter_sepia=\u00bb0%\u00bb child_filter_opacity=\u00bb100%\u00bb child_filter_blur=\u00bb0px\u00bb child_mix_blend_mode=\u00bbnormal\u00bb background_layout=\u00bbdark\u00bb text_shadow_style=\u00bbpreset1&#8243; header_text_shadow_style=\u00bbpreset1&#8243; body_text_shadow_style=\u00bbnone\u00bb custom_button=\u00bboff\u00bb button_bg_use_color_gradient=\u00bboff\u00bb button_bg_color_gradient_overlays_image=\u00bboff\u00bb button_use_icon=\u00bbon\u00bb button_on_hover=\u00bbon\u00bb button_text_shadow_style=\u00bbnone\u00bb box_shadow_style_button=\u00bbnone\u00bb text_shadow_horizontal_length=\u00bb0em\u00bb text_shadow_vertical_length=\u00bb0.1em\u00bb text_shadow_blur_strength=\u00bb0.1em\u00bb header_text_shadow_horizontal_length=\u00bb0em\u00bb header_text_shadow_vertical_length=\u00bb0.1em\u00bb header_text_shadow_blur_strength=\u00bb0.1em\u00bb body_text_shadow_horizontal_length=\u00bb0em\u00bb body_text_shadow_vertical_length=\u00bb0em\u00bb body_text_shadow_blur_strength=\u00bb0em\u00bb button_text_shadow_horizontal_length=\u00bb0em\u00bb button_text_shadow_vertical_length=\u00bb0em\u00bb button_text_shadow_blur_strength=\u00bb0em\u00bb custom_css_after=\u00bbheight: 400px;\u00bb heading=\u00bbMecanizados Pl\u00e1sticos\u00bb button_text=\u00bbVer M\u00e1s\u00bb text_orientation=\u00bbleft\u00bb header_font=\u00bb|800|||||||\u00bb \/][\/et_pb_fullwidth_slider][\/et_pb_section][et_pb_section bb_built=\u00bb1&#8243; prev_background_color=\u00bb#000000&#8243; next_background_color=\u00bb#e8e8e8&#8243;][et_pb_row][et_pb_column type=\u00bb4_4&#8243;][et_pb_text _builder_version=\u00bb3.14&#8243; text_font_size=\u00bb18px\u00bb text_orientation=\u00bbjustified\u00bb]<\/p>\n<p>Jarox Ltda. est\u00e1 en condiciones de ofrecer a la Industria y Miner\u00eda, productos tales como: \u00a0juntas de expansi\u00f3n, aislaciones t\u00e9rmicas r\u00edgidas y flexibles, encapsulamientos, mantas anti chispas, protecci\u00f3n de equipos fabricados en tela de pvc anti\u00e1cida tales como cubre flanges, cubre v\u00e1stagos; revestimientos en Polietileno UHMW as\u00ed como el servicio de montaje de los mismos.<\/p>\n<p style=\"text-align: center;\">\u00a0<a href=\"https:\/\/www.jarox.cl\/site\/wp-content\/uploads\/2013\/08\/prodcertificados1.jpg\"><img loading=\"lazy\" decoding=\"async\" class=\"alignnone size-full wp-image-181\" src=\"https:\/\/www.jarox.cl\/site\/wp-content\/uploads\/2013\/08\/prodcertificados1.jpg\" alt=\"prodcertificados\" width=\"682\" height=\"100\" srcset=\"https:\/\/www.jarox.cl\/site\/wp-content\/uploads\/2013\/08\/prodcertificados1.jpg 682w, https:\/\/www.jarox.cl\/site\/wp-content\/uploads\/2013\/08\/prodcertificados1-300x43.jpg 300w\" sizes=\"(max-width: 682px) 100vw, 682px\" \/><\/a><\/p>\n<p>[\/et_pb_text][\/et_pb_column][\/et_pb_row][\/et_pb_section][et_pb_section bb_built=\u00bb1&#8243; specialty=\u00bboff\u00bb prev_background_color=\u00bb#ffffff\u00bb _builder_version=\u00bb3.14&#8243; background_color=\u00bb#e8e8e8&#8243; global_module=\u00bb470&#8243;][et_pb_row global_parent=\u00bb470&#8243; _builder_version=\u00bb3.14&#8243; module_alignment=\u00bbcenter\u00bb make_fullwidth=\u00bbon\u00bb][et_pb_column type=\u00bb1_3&#8243;][et_pb_image global_parent=\u00bb470&#8243; _builder_version=\u00bb3.14&#8243; src=\u00bbhttps:\/\/www.jarox.cl\/site\/wp-content\/uploads\/2018\/09\/logo-gris.fw_.png\u00bb custom_padding=\u00bb|20px||20px\u00bb \/][\/et_pb_column][et_pb_column type=\u00bb1_3&#8243;][et_pb_blurb admin_label=\u00bbEmail\u00bb global_parent=\u00bb470&#8243; _builder_version=\u00bb3.14&#8243; use_icon=\u00bbon\u00bb font_icon=\u00bb%%153%%\u00bb icon_color=\u00bb#f9aa00&#8243; use_circle=\u00bbon\u00bb circle_color=\u00bbrgba(0,0,0,0.75)\u00bb icon_placement=\u00bbleft\u00bb title=\u00bbE-Mail\u00bb]<\/p>\n<p>ventas@jarox.cl<\/p>\n<p style=\"text-align: justify;\">\n<p>[\/et_pb_blurb][et_pb_blurb admin_label=\u00bbred fija\u00bb global_parent=\u00bb470&#8243; _builder_version=\u00bb3.14&#8243; use_icon=\u00bbon\u00bb font_icon=\u00bb%%264%%\u00bb icon_color=\u00bb#f9aa00&#8243; use_circle=\u00bbon\u00bb circle_color=\u00bbrgba(0,0,0,0.75)\u00bb icon_placement=\u00bbleft\u00bb title=\u00bbRed Fija\u00bb header_font=\u00bbAbel||||||||\u00bb body_font=\u00bbAbel||||||||\u00bb header_text_align=\u00bbleft\u00bb body_text_align=\u00bbleft\u00bb]<\/p>\n<p>+56 2 2893 3328<\/p>\n<p style=\"text-align: justify;\">\n<p>[\/et_pb_blurb][\/et_pb_column][et_pb_column type=\u00bb1_3&#8243;][et_pb_blurb admin_label=\u00bbCelular 1&#8243; global_parent=\u00bb470&#8243; _builder_version=\u00bb3.14&#8243; use_icon=\u00bbon\u00bb font_icon=\u00bb%%104%%\u00bb icon_color=\u00bb#f9aa00&#8243; use_circle=\u00bbon\u00bb circle_color=\u00bbrgba(0,0,0,0.75)\u00bb icon_placement=\u00bbleft\u00bb title=\u00bbCelular 1&#8243;]<\/p>\n<p>+56 9 6689 6359<\/p>\n<p style=\"text-align: justify;\">\n<p>[\/et_pb_blurb][et_pb_blurb admin_label=\u00bbCelular 2&#8243; global_parent=\u00bb470&#8243; _builder_version=\u00bb3.14&#8243; use_icon=\u00bbon\u00bb font_icon=\u00bb%%104%%\u00bb icon_color=\u00bb#f9aa00&#8243; use_circle=\u00bbon\u00bb circle_color=\u00bbrgba(0,0,0,0.75)\u00bb icon_placement=\u00bbleft\u00bb title=\u00bbCelular 2&#8243;]<\/p>\n<p>+56 9 6689 6360<\/p>\n<p style=\"text-align: justify;\">\n<p>[\/et_pb_blurb][\/et_pb_column][\/et_pb_row][et_pb_row global_parent=\u00bb470&#8243; _builder_version=\u00bb3.14&#8243; make_fullwidth=\u00bbon\u00bb custom_margin=\u00bb0px|0px|0px|0px\u00bb custom_padding=\u00bb||-50px|\u00bb][et_pb_column type=\u00bb4_4&#8243;][et_pb_text admin_label=\u00bbTexto creditos\u00bb global_parent=\u00bb470&#8243; _builder_version=\u00bb3.14&#8243; text_font=\u00bbAbel||||||||\u00bb text_font_size=\u00bb10px\u00bb custom_margin=\u00bb||-50px|\u00bb custom_padding=\u00bb||-50px|\u00bb]<\/p>\n<div class=\"et_pb_row et_pb_row_4\">\n<div class=\"et_pb_column et_pb_column_4_4 et_pb_column_9 et_pb_css_mix_blend_mode_passthrough et-last-child\">\n<div class=\"et_pb_module et_pb_text et_pb_text_4 et_pb_bg_layout_light et_pb_text_align_left\">\n<div class=\"et_pb_text_inner\">\n<p style=\"text-align: right;\">\u00a9 JAROX \u2022 Dise\u00f1o web por <a href=\"http:\/\/www.ultraweb.cl\" target=\"_blank\" rel=\"noopener\"><u>Ultraweb.cl<\/u><\/a>\u00a0\u2022 Marca registrada \u2022 Derechos reservados<\/p>\n<\/div>\n<\/div>\n<\/div>\n<\/div>\n<p style=\"text-align: justify;\">\n<p>[\/et_pb_text][\/et_pb_column][\/et_pb_row][\/et_pb_section]<\/p>\n","protected":false},"excerpt":{"rendered":"<p><div class=\"et_pb_row et_pb_row_0 et_pb_row_empty\">\n\t\t\t\t\n\t\t\t\t\n\t\t\t\t\n\t\t\t\t\n\t\t\t\t\n\t\t\t<\/div> Jarox Ltda. est\u00e1 en condiciones de ofrecer a la Industria y Miner\u00eda, productos tales como: \u00a0juntas de expansi\u00f3n, aislaciones t\u00e9rmicas r\u00edgidas y flexibles, encapsulamientos, mantas anti chispas, protecci\u00f3n de equipos fabricados en tela de pvc anti\u00e1cida tales como cubre flanges, cubre v\u00e1stagos; revestimientos en Polietileno UHMW as\u00ed como el servicio de montaje de los [&hellip;]<\/p>\n","protected":false},"author":1,"featured_media":0,"parent":0,"menu_order":0,"comment_status":"open","ping_status":"open","template":"","meta":{"_et_pb_use_builder":"on","_et_pb_old_content":"<p>[symple_heading type=\"h1\" title=\"JAROX Ltda. - Pl\u00e1sticos de Ingenier\u00eda y Telas T\u00e9cnicas\" margin_top=\"20px;\" margin_bottom=\"20px\" text_align=\"left\"]<\/p><h3 style=\"text-align: justify;\"><span style=\"color: #808080;\"><span style=\"color: #333333;\"><strong>Jarox Ltda<\/strong>.<\/span> est\u00e1 en condiciones de ofrecer a la <span style=\"color: #333333;\"><strong>Industria y Miner\u00eda<\/strong><\/span>, productos tales como: \u00a0juntas de expansi\u00f3n, aislaciones t\u00e9rmicas r\u00edgidas y flexibles, encapsulamientos, mantas anti chispas, protecci\u00f3n de equipos fabricados en tela de pvc anti\u00e1cida tales como cubre flanges, cubre v\u00e1stagos; revestimientos en Polietileno UHMW as\u00ed como el <span style=\"color: #333333;\">servicio de montaje de los mismos.<\/span><\/span><\/h3><p style=\"text-align: center;\">\u00a0<a href=\"https:\/\/www.jarox.cl\/site\/wp-content\/uploads\/2013\/08\/prodcertificados1.jpg\"><img class=\"alignnone size-full wp-image-181\" src=\"https:\/\/www.jarox.cl\/site\/wp-content\/uploads\/2013\/08\/prodcertificados1.jpg\" alt=\"prodcertificados\" width=\"682\" height=\"100\"><\/a><\/p>","_et_gb_content_width":"","footnotes":""},"_links":{"self":[{"href":"https:\/\/www.jarox.cl\/site\/index.php?rest_route=\/wp\/v2\/pages\/15"}],"collection":[{"href":"https:\/\/www.jarox.cl\/site\/index.php?rest_route=\/wp\/v2\/pages"}],"about":[{"href":"https:\/\/www.jarox.cl\/site\/index.php?rest_route=\/wp\/v2\/types\/page"}],"author":[{"embeddable":true,"href":"https:\/\/www.jarox.cl\/site\/index.php?rest_route=\/wp\/v2\/users\/1"}],"replies":[{"embeddable":true,"href":"https:\/\/www.jarox.cl\/site\/index.php?rest_route=%2Fwp%2Fv2%2Fcomments&post=15"}],"version-history":[{"count":57,"href":"https:\/\/www.jarox.cl\/site\/index.php?rest_route=\/wp\/v2\/pages\/15\/revisions"}],"predecessor-version":[{"id":858,"href":"https:\/\/www.jarox.cl\/site\/index.php?rest_route=\/wp\/v2\/pages\/15\/revisions\/858"}],"wp:attachment":[{"href":"https:\/\/www.jarox.cl\/site\/index.php?rest_route=%2Fwp%2Fv2%2Fmedia&parent=15"}],"curies":[{"name":"wp","href":"https:\/\/api.w.org\/{rel}","templated":true}]}}