{"id":79,"date":"2013-09-08T22:51:37","date_gmt":"2013-09-09T02:51:37","guid":{"rendered":"http:\/\/www.jarox.cl\/site\/?page_id=79"},"modified":"2018-09-26T11:57:12","modified_gmt":"2018-09-26T15:57:12","slug":"sobre-nosotros","status":"publish","type":"page","link":"http:\/\/www.jarox.cl\/site\/?page_id=79","title":{"rendered":"Sobre Nosotros"},"content":{"rendered":"<p>[et_pb_section bb_built=\u00bb1&#8243; specialty=\u00bboff\u00bb _builder_version=\u00bb3.14&#8243; background_image=\u00bbhttp:\/\/www.jarox.cl\/site\/wp-content\/uploads\/2018\/09\/fondo-titulo2-1.jpg\u00bb custom_css_main_element=\u00bbheight: 200px;\u00bb next_background_color=\u00bb#ffffff\u00bb][et_pb_row][et_pb_column type=\u00bb4_4&#8243;][et_pb_text admin_label=\u00bbTexto Cabecera Titulo\u00bb _builder_version=\u00bb3.14&#8243; header_font=\u00bb|700|||||||\u00bb header_text_align=\u00bbleft\u00bb header_text_color=\u00bbrgba(255,255,255,0.9)\u00bb header_font_size=\u00bb36px\u00bb]<\/p>\n<h1>Sobre Nosotros<\/h1>\n<p>[\/et_pb_text][\/et_pb_column][\/et_pb_row][\/et_pb_section][et_pb_section bb_built=\u00bb1&#8243; next_background_color=\u00bb#e8e8e8&#8243; prev_background_color=\u00bb#000000&#8243;][et_pb_row][et_pb_column type=\u00bb4_4&#8243;][et_pb_text _builder_version=\u00bb3.14&#8243; text_font_size=\u00bb18px\u00bb]<\/p>\n<p><img loading=\"lazy\" decoding=\"async\" class=\"alignnone size-full wp-image-121 aligncenter\" src=\"http:\/\/www.jarox.cl\/site\/wp-content\/uploads\/2013\/09\/jarox-gris1.jpg\" alt=\"jarox-gris\" width=\"500\" height=\"100\" \/><\/p>\n<p>JAROX es una empresa familiar cuyo mayor valor agregado es la experiencia de sus socios en el rubro, que los han llevado a emprender este desaf\u00edo teniendo la seguridad de contar con los recursos y conocimientos necesarios para asegurar la satisfacci\u00f3n de sus clientes, con productos de calidad y econ\u00f3micamente m\u00e1s convenientes.<\/p>\n<p>JAROX est\u00e1 en condiciones de ofrecer productos tales como: juntas de expansi\u00f3n, aislaciones t\u00e9rmicas r\u00edgidas y flexibles, encapsulamientos, mantas anti chispas, protecci\u00f3n de equipos fabricados en tela de pvc anti\u00e1cida tales como cubre flanges, cubre v\u00e1stagos; revestimientos en Polietileno UHMW as\u00ed como el servicio de montaje de los mismos.<\/p>\n<p>.<\/p>\n<p style=\"text-align: center;\"><img loading=\"lazy\" decoding=\"async\" class=\"alignnone size-full wp-image-181\" src=\"http:\/\/www.jarox.cl\/site\/wp-content\/uploads\/2013\/08\/prodcertificados1.jpg\" alt=\"prodcertificados\" width=\"682\" height=\"100\" srcset=\"http:\/\/www.jarox.cl\/site\/wp-content\/uploads\/2013\/08\/prodcertificados1.jpg 682w, http:\/\/www.jarox.cl\/site\/wp-content\/uploads\/2013\/08\/prodcertificados1-300x43.jpg 300w\" sizes=\"(max-width: 682px) 100vw, 682px\" \/><\/p>\n<p>&nbsp;<\/p>\n<p>[\/et_pb_text][\/et_pb_column][\/et_pb_row][\/et_pb_section][et_pb_section bb_built=\u00bb1&#8243; specialty=\u00bboff\u00bb prev_background_color=\u00bb#ffffff\u00bb _builder_version=\u00bb3.14&#8243; background_color=\u00bb#e8e8e8&#8243; global_module=\u00bb470&#8243;][et_pb_row global_parent=\u00bb470&#8243; _builder_version=\u00bb3.14&#8243; module_alignment=\u00bbcenter\u00bb make_fullwidth=\u00bbon\u00bb][et_pb_column type=\u00bb1_3&#8243;][et_pb_image global_parent=\u00bb470&#8243; _builder_version=\u00bb3.14&#8243; src=\u00bbhttp:\/\/www.jarox.cl\/site\/wp-content\/uploads\/2018\/09\/logo-gris.fw_.png\u00bb custom_padding=\u00bb|20px||20px\u00bb \/][\/et_pb_column][et_pb_column type=\u00bb1_3&#8243;][et_pb_blurb admin_label=\u00bbEmail\u00bb global_parent=\u00bb470&#8243; _builder_version=\u00bb3.14&#8243; use_icon=\u00bbon\u00bb font_icon=\u00bb%%153%%\u00bb icon_color=\u00bb#f9aa00&#8243; use_circle=\u00bbon\u00bb circle_color=\u00bbrgba(0,0,0,0.75)\u00bb icon_placement=\u00bbleft\u00bb title=\u00bbE-Mail\u00bb]<\/p>\n<p>ventas@jarox.cl<\/p>\n<p style=\"text-align: justify;\">\n<p>[\/et_pb_blurb][et_pb_blurb admin_label=\u00bbred fija\u00bb global_parent=\u00bb470&#8243; _builder_version=\u00bb3.14&#8243; use_icon=\u00bbon\u00bb font_icon=\u00bb%%264%%\u00bb icon_color=\u00bb#f9aa00&#8243; use_circle=\u00bbon\u00bb circle_color=\u00bbrgba(0,0,0,0.75)\u00bb icon_placement=\u00bbleft\u00bb title=\u00bbRed Fija\u00bb header_font=\u00bbAbel||||||||\u00bb body_font=\u00bbAbel||||||||\u00bb header_text_align=\u00bbleft\u00bb body_text_align=\u00bbleft\u00bb]<\/p>\n<p>+56 2 2893 3328<\/p>\n<p style=\"text-align: justify;\">\n<p>[\/et_pb_blurb][\/et_pb_column][et_pb_column type=\u00bb1_3&#8243;][et_pb_blurb admin_label=\u00bbCelular 1&#8243; global_parent=\u00bb470&#8243; _builder_version=\u00bb3.14&#8243; use_icon=\u00bbon\u00bb font_icon=\u00bb%%104%%\u00bb icon_color=\u00bb#f9aa00&#8243; use_circle=\u00bbon\u00bb circle_color=\u00bbrgba(0,0,0,0.75)\u00bb icon_placement=\u00bbleft\u00bb title=\u00bbCelular 1&#8243;]<\/p>\n<p>+56 9 6689 6359<\/p>\n<p style=\"text-align: justify;\">\n<p>[\/et_pb_blurb][et_pb_blurb admin_label=\u00bbCelular 2&#8243; global_parent=\u00bb470&#8243; _builder_version=\u00bb3.14&#8243; use_icon=\u00bbon\u00bb font_icon=\u00bb%%104%%\u00bb icon_color=\u00bb#f9aa00&#8243; use_circle=\u00bbon\u00bb circle_color=\u00bbrgba(0,0,0,0.75)\u00bb icon_placement=\u00bbleft\u00bb title=\u00bbCelular 2&#8243;]<\/p>\n<p>+56 9 6689 6360<\/p>\n<p style=\"text-align: justify;\">\n<p>[\/et_pb_blurb][\/et_pb_column][\/et_pb_row][et_pb_row global_parent=\u00bb470&#8243; _builder_version=\u00bb3.14&#8243; make_fullwidth=\u00bbon\u00bb custom_margin=\u00bb||-5%|\u00bb][et_pb_column type=\u00bb4_4&#8243;][et_pb_text admin_label=\u00bbTexto creditos\u00bb global_parent=\u00bb470&#8243; _builder_version=\u00bb3.14&#8243; text_font=\u00bbAbel||||||||\u00bb text_font_size=\u00bb11px\u00bb custom_margin=\u00bb-5%|||\u00bb]<\/p>\n<div class=\"et_pb_row et_pb_row_4\">\n<div class=\"et_pb_column et_pb_column_4_4 et_pb_column_9 et_pb_css_mix_blend_mode_passthrough et-last-child\">\n<div class=\"et_pb_module et_pb_text et_pb_text_4 et_pb_bg_layout_light et_pb_text_align_left\">\n<div class=\"et_pb_text_inner\">\n<p style=\"text-align: right;\">\u00a9 JAROX \u2022 Dise\u00f1o web por <a href=\"http:\/\/www.ultraweb.cl\" target=\"_blank\" rel=\"noopener\"><u>Ultraweb.cl<\/u><\/a>\u00a0\u2022 Marca registrada \u2022 Derechos reservados<\/p>\n<\/div>\n<\/div>\n<\/div>\n<\/div>\n<p style=\"text-align: justify;\">\n<p>[\/et_pb_text][\/et_pb_column][\/et_pb_row][\/et_pb_section]<\/p>\n","protected":false},"excerpt":{"rendered":"<p><div class=\"et_pb_row et_pb_row_0 et_pb_row_empty\">\n\t\t\t\t\n\t\t\t\t\n\t\t\t\t\n\t\t\t\t\n\t\t\t\t\n\t\t\t<\/div> Sobre Nosotros <div class=\"et_pb_row et_pb_row_1 et_pb_row_empty\">\n\t\t\t\t\n\t\t\t\t\n\t\t\t\t\n\t\t\t\t\n\t\t\t\t\n\t\t\t<\/div> JAROX es una empresa familiar cuyo mayor valor agregado es la experiencia de sus socios en el rubro, que los han llevado a emprender este desaf\u00edo teniendo la seguridad de contar con los recursos y conocimientos necesarios para asegurar la satisfacci\u00f3n de sus clientes, con productos de calidad y econ\u00f3micamente m\u00e1s [&hellip;]<\/p>\n","protected":false},"author":1,"featured_media":0,"parent":0,"menu_order":0,"comment_status":"open","ping_status":"open","template":"","meta":{"_et_pb_use_builder":"on","_et_pb_old_content":"<p><img class=\"alignnone size-full wp-image-121 aligncenter\" src=\"http:\/\/www.jarox.cl\/site\/wp-content\/uploads\/2013\/09\/jarox-gris1.jpg\" alt=\"jarox-gris\" width=\"500\" height=\"100\"><\/p><p style=\"text-align: justify;\"><strong>JAROX LTDA.<\/strong> Es una empresa familiar cuyo mayor valor agregado es la experiencia de sus socios en el rubro de pl\u00e1sticos de ingenier\u00eda y telas t\u00e9cnicas, que los han llevado a emprender este desaf\u00edo teniendo la seguridad de contar con la infraestructura, respaldo econ\u00f3mico y conocimientos necesarios para asegurar la satisfacci\u00f3n de sus clientes con productos de calidad y econ\u00f3micamente m\u00e1s convenientes.<\/p><p style=\"text-align: justify;\"><strong>JAROX LTDA.<\/strong>\u00a0Est\u00e1 en condiciones de ofrecer a la Industria y Miner\u00eda, productos tales como: \u00a0juntas de expansi\u00f3n, aislaciones t\u00e9rmicas r\u00edgidas y flexibles, encapsulamientos, mantas anti chispas, protecci\u00f3n de equipos fabricados en tela de pvc anti\u00e1cida tales como cubre flanges, cubre v\u00e1stagos; revestimientos en Polietileno UHMW as\u00ed como el servicio de montaje de los mismos.<\/p><p style=\"text-align: center;\"><img class=\"alignnone size-full wp-image-181\" src=\"http:\/\/www.jarox.cl\/site\/wp-content\/uploads\/2013\/08\/prodcertificados1.jpg\" alt=\"prodcertificados\" width=\"682\" height=\"100\"><\/p><p>\u00a0<\/p>","_et_gb_content_width":"","footnotes":""},"_links":{"self":[{"href":"http:\/\/www.jarox.cl\/site\/index.php?rest_route=\/wp\/v2\/pages\/79"}],"collection":[{"href":"http:\/\/www.jarox.cl\/site\/index.php?rest_route=\/wp\/v2\/pages"}],"about":[{"href":"http:\/\/www.jarox.cl\/site\/index.php?rest_route=\/wp\/v2\/types\/page"}],"author":[{"embeddable":true,"href":"http:\/\/www.jarox.cl\/site\/index.php?rest_route=\/wp\/v2\/users\/1"}],"replies":[{"embeddable":true,"href":"http:\/\/www.jarox.cl\/site\/index.php?rest_route=%2Fwp%2Fv2%2Fcomments&post=79"}],"version-history":[{"count":21,"href":"http:\/\/www.jarox.cl\/site\/index.php?rest_route=\/wp\/v2\/pages\/79\/revisions"}],"predecessor-version":[{"id":789,"href":"http:\/\/www.jarox.cl\/site\/index.php?rest_route=\/wp\/v2\/pages\/79\/revisions\/789"}],"wp:attachment":[{"href":"http:\/\/www.jarox.cl\/site\/index.php?rest_route=%2Fwp%2Fv2%2Fmedia&parent=79"}],"curies":[{"name":"wp","href":"https:\/\/api.w.org\/{rel}","templated":true}]}}