{"id":55,"date":"2013-09-08T23:57:01","date_gmt":"2013-09-08T23:57:01","guid":{"rendered":"http:\/\/jarox.cl\/site\/?page_id=55"},"modified":"2018-09-26T12:39:52","modified_gmt":"2018-09-26T16:39:52","slug":"encapsulamientos","status":"publish","type":"page","link":"http:\/\/www.jarox.cl\/site\/?page_id=55","title":{"rendered":"Encapsulamientos"},"content":{"rendered":"<p>[et_pb_section bb_built=\u00bb1&#8243; specialty=\u00bboff\u00bb next_background_color=\u00bb#ffffff\u00bb _builder_version=\u00bb3.14&#8243; background_image=\u00bbhttp:\/\/www.jarox.cl\/site\/wp-content\/uploads\/2018\/09\/fondo-titulo2-1.jpg\u00bb custom_css_main_element=\u00bbheight: 200px;\u00bb][et_pb_row][et_pb_column type=\u00bb4_4&#8243;][et_pb_text admin_label=\u00bbTexto Titulo\u00bb _builder_version=\u00bb3.14&#8243; header_font=\u00bb|700|||||||\u00bb header_text_align=\u00bbleft\u00bb header_text_color=\u00bbrgba(255,255,255,0.9)\u00bb header_font_size=\u00bb36px\u00bb]<\/p>\n<h1>Encapsulamiento<\/h1>\n<p>[\/et_pb_text][\/et_pb_column][\/et_pb_row][\/et_pb_section][et_pb_section bb_built=\u00bb1&#8243; specialty=\u00bboff\u00bb prev_background_color=\u00bb#000000&#8243; next_background_color=\u00bb#e8e8e8&#8243; _builder_version=\u00bb3.14&#8243; border_width_top=\u00bb1px\u00bb border_color_top=\u00bb#ef9700&#8243;][et_pb_row _builder_version=\u00bb3.14&#8243; module_alignment=\u00bbcenter\u00bb make_fullwidth=\u00bbon\u00bb use_custom_gutter=\u00bbon\u00bb gutter_width=\u00bb1&#8243;][et_pb_column type=\u00bb4_4&#8243;][et_pb_blurb _builder_version=\u00bb3.14&#8243; title=\u00bbGaler\u00eda Im\u00e1genes\u00bb use_icon=\u00bbon\u00bb font_icon=\u00bb%%108%%\u00bb icon_color=\u00bb#f9b120&#8243; use_circle=\u00bbon\u00bb circle_color=\u00bb#000000&#8243; icon_placement=\u00bbleft\u00bb max_width=\u00bb80%\u00bb module_alignment=\u00bbleft\u00bb]<\/p>\n<p>Haga clic sobre la imagen<\/p>\n<p>[\/et_pb_blurb][et_pb_gallery admin_label=\u00bbGaler\u00eda Encapsulamiento\u00bb _builder_version=\u00bb3.14&#8243; gallery_ids=\u00bb575,576,577,578,579,580,581,582,583&#8243; zoom_icon_color=\u00bb#2ea3f2&#8243; hover_overlay_color=\u00bbrgba(255,255,255,0.9)\u00bb show_title_and_caption=\u00bboff\u00bb module_alignment=\u00bbcenter\u00bb max_width=\u00bb90%\u00bb border_width_all_image=\u00bb1px\u00bb border_color_all_image=\u00bb#ffffff\u00bb custom_margin=\u00bb20px|||\u00bb \/][\/et_pb_column][\/et_pb_row][et_pb_row _builder_version=\u00bb3.14&#8243; module_alignment=\u00bbcenter\u00bb][et_pb_column type=\u00bb4_4&#8243;][et_pb_text _builder_version=\u00bb3.14&#8243;]<\/p>\n<p><strong>JAROX\u00a0 <\/strong><strong>a<\/strong> fin de evitar la poluci\u00f3n tan importante para el medio ambiente y el equipo humano, recomienda encapsular \u00a0correas o harneros con estructuras tipo mecano con cubiertas de telas adecuadas para las condiciones clim\u00e1ticas y de producci\u00f3n en donde ser\u00e1 expuesto.<\/p>\n<p>&nbsp;<\/p>\n<p>[\/et_pb_text][\/et_pb_column][\/et_pb_row][\/et_pb_section][et_pb_section bb_built=\u00bb1&#8243; specialty=\u00bboff\u00bb prev_background_color=\u00bb#ffffff\u00bb _builder_version=\u00bb3.14&#8243; background_color=\u00bb#e8e8e8&#8243; global_module=\u00bb470&#8243;][et_pb_row global_parent=\u00bb470&#8243; _builder_version=\u00bb3.14&#8243; module_alignment=\u00bbcenter\u00bb make_fullwidth=\u00bbon\u00bb][et_pb_column type=\u00bb1_3&#8243;][et_pb_image global_parent=\u00bb470&#8243; _builder_version=\u00bb3.14&#8243; src=\u00bbhttp:\/\/www.jarox.cl\/site\/wp-content\/uploads\/2018\/09\/logo-gris.fw_.png\u00bb custom_padding=\u00bb|20px||20px\u00bb \/][\/et_pb_column][et_pb_column type=\u00bb1_3&#8243;][et_pb_blurb admin_label=\u00bbEmail\u00bb global_parent=\u00bb470&#8243; _builder_version=\u00bb3.14&#8243; use_icon=\u00bbon\u00bb font_icon=\u00bb%%153%%\u00bb icon_color=\u00bb#f9aa00&#8243; use_circle=\u00bbon\u00bb circle_color=\u00bbrgba(0,0,0,0.75)\u00bb icon_placement=\u00bbleft\u00bb title=\u00bbE-Mail\u00bb]<\/p>\n<p>ventas@jarox.cl<\/p>\n<p style=\"text-align: justify;\">\n<p>[\/et_pb_blurb][et_pb_blurb admin_label=\u00bbred fija\u00bb global_parent=\u00bb470&#8243; _builder_version=\u00bb3.14&#8243; use_icon=\u00bbon\u00bb font_icon=\u00bb%%264%%\u00bb icon_color=\u00bb#f9aa00&#8243; use_circle=\u00bbon\u00bb circle_color=\u00bbrgba(0,0,0,0.75)\u00bb icon_placement=\u00bbleft\u00bb title=\u00bbRed Fija\u00bb header_font=\u00bbAbel||||||||\u00bb body_font=\u00bbAbel||||||||\u00bb header_text_align=\u00bbleft\u00bb body_text_align=\u00bbleft\u00bb]<\/p>\n<p>+56 2 2893 3328<\/p>\n<p style=\"text-align: justify;\">\n<p>[\/et_pb_blurb][\/et_pb_column][et_pb_column type=\u00bb1_3&#8243;][et_pb_blurb admin_label=\u00bbCelular 1&#8243; global_parent=\u00bb470&#8243; _builder_version=\u00bb3.14&#8243; use_icon=\u00bbon\u00bb font_icon=\u00bb%%104%%\u00bb icon_color=\u00bb#f9aa00&#8243; use_circle=\u00bbon\u00bb circle_color=\u00bbrgba(0,0,0,0.75)\u00bb icon_placement=\u00bbleft\u00bb title=\u00bbCelular 1&#8243;]<\/p>\n<p>+56 9 6689 6359<\/p>\n<p style=\"text-align: justify;\">\n<p>[\/et_pb_blurb][et_pb_blurb admin_label=\u00bbCelular 2&#8243; global_parent=\u00bb470&#8243; _builder_version=\u00bb3.14&#8243; use_icon=\u00bbon\u00bb font_icon=\u00bb%%104%%\u00bb icon_color=\u00bb#f9aa00&#8243; use_circle=\u00bbon\u00bb circle_color=\u00bbrgba(0,0,0,0.75)\u00bb icon_placement=\u00bbleft\u00bb title=\u00bbCelular 2&#8243;]<\/p>\n<p>+56 9 6689 6360<\/p>\n<p style=\"text-align: justify;\">\n<p>[\/et_pb_blurb][\/et_pb_column][\/et_pb_row][et_pb_row global_parent=\u00bb470&#8243; _builder_version=\u00bb3.14&#8243; make_fullwidth=\u00bbon\u00bb custom_margin=\u00bb||-5%|\u00bb][et_pb_column type=\u00bb4_4&#8243;][et_pb_text admin_label=\u00bbTexto creditos\u00bb global_parent=\u00bb470&#8243; _builder_version=\u00bb3.14&#8243; text_font=\u00bbAbel||||||||\u00bb text_font_size=\u00bb11px\u00bb custom_margin=\u00bb-5%|||\u00bb]<\/p>\n<div class=\"et_pb_row et_pb_row_4\">\n<div class=\"et_pb_column et_pb_column_4_4 et_pb_column_9 et_pb_css_mix_blend_mode_passthrough et-last-child\">\n<div class=\"et_pb_module et_pb_text et_pb_text_4 et_pb_bg_layout_light et_pb_text_align_left\">\n<div class=\"et_pb_text_inner\">\n<p style=\"text-align: right;\">\u00a9 JAROX \u2022 Dise\u00f1o web por <a href=\"http:\/\/www.ultraweb.cl\" target=\"_blank\" rel=\"noopener\"><u>Ultraweb.cl<\/u><\/a>\u00a0\u2022 Marca registrada \u2022 Derechos reservados<\/p>\n<\/div>\n<\/div>\n<\/div>\n<\/div>\n<p style=\"text-align: justify;\">\n<p>[\/et_pb_text][\/et_pb_column][\/et_pb_row][\/et_pb_section]<\/p>\n","protected":false},"excerpt":{"rendered":"<p><div class=\"et_pb_row et_pb_row_0 et_pb_row_empty\">\n\t\t\t\t\n\t\t\t\t\n\t\t\t\t\n\t\t\t\t\n\t\t\t\t\n\t\t\t<\/div> Encapsulamiento Haga clic sobre la imagen JAROX\u00a0 a fin de evitar la poluci\u00f3n tan importante para el medio ambiente y el equipo humano, recomienda encapsular \u00a0correas o harneros con estructuras tipo mecano con cubiertas de telas adecuadas para las condiciones clim\u00e1ticas y de producci\u00f3n en donde ser\u00e1 expuesto. &nbsp; ventas@jarox.cl +56 2 2893 3328 [&hellip;]<\/p>\n","protected":false},"author":1,"featured_media":0,"parent":0,"menu_order":0,"comment_status":"open","ping_status":"open","template":"","meta":{"_et_pb_use_builder":"on","_et_pb_old_content":"<p style=\"text-align: justify;\"><strong>JAROX LTDA.<\/strong>\u00a0 A fin de evitar la poluci\u00f3n tan importante para el medio ambiente y el equipo humano, recomienda encapsular \u00a0correas o harneros con estructuras tipo mecano con cubiertas de tela adecuada para las condiciones clim\u00e1ticas en donde ser\u00e1 expuesto. Pueden ser confeccionadas en base a planchas de pl\u00e1stico r\u00edgido seg\u00fan requerimiento.<\/p><p style=\"text-align: justify;\">[symple_heading type=\"h2\" title=\"Encapsulamiento de Cinta\" margin_top=\"20px;\" margin_bottom=\"20px\" text_align=\"left\"]<\/p><p><a href=\"http:\/\/www.jarox.cl\/site\/wp-content\/uploads\/2013\/09\/encapsulamiento.jpg\"><img class=\"aligncenter size-full wp-image-328\" src=\"http:\/\/www.jarox.cl\/site\/wp-content\/uploads\/2013\/09\/encapsulamiento.jpg\" alt=\"encapsulamiento\" width=\"424\" height=\"306\"><\/a><\/p><p>\u00a0<\/p><p><img class=\"aligncenter size-full wp-image-293\" src=\"http:\/\/www.jarox.cl\/site\/wp-content\/uploads\/2013\/09\/pto.jpg\" alt=\"pto\" width=\"600\" height=\"450\"><\/p>","_et_gb_content_width":"","footnotes":""},"_links":{"self":[{"href":"http:\/\/www.jarox.cl\/site\/index.php?rest_route=\/wp\/v2\/pages\/55"}],"collection":[{"href":"http:\/\/www.jarox.cl\/site\/index.php?rest_route=\/wp\/v2\/pages"}],"about":[{"href":"http:\/\/www.jarox.cl\/site\/index.php?rest_route=\/wp\/v2\/types\/page"}],"author":[{"embeddable":true,"href":"http:\/\/www.jarox.cl\/site\/index.php?rest_route=\/wp\/v2\/users\/1"}],"replies":[{"embeddable":true,"href":"http:\/\/www.jarox.cl\/site\/index.php?rest_route=%2Fwp%2Fv2%2Fcomments&post=55"}],"version-history":[{"count":18,"href":"http:\/\/www.jarox.cl\/site\/index.php?rest_route=\/wp\/v2\/pages\/55\/revisions"}],"predecessor-version":[{"id":842,"href":"http:\/\/www.jarox.cl\/site\/index.php?rest_route=\/wp\/v2\/pages\/55\/revisions\/842"}],"wp:attachment":[{"href":"http:\/\/www.jarox.cl\/site\/index.php?rest_route=%2Fwp%2Fv2%2Fmedia&parent=55"}],"curies":[{"name":"wp","href":"https:\/\/api.w.org\/{rel}","templated":true}]}}