{"id":51,"date":"2013-09-08T23:56:04","date_gmt":"2013-09-08T23:56:04","guid":{"rendered":"http:\/\/jarox.cl\/site\/?page_id=51"},"modified":"2018-09-26T15:30:01","modified_gmt":"2018-09-26T19:30:01","slug":"aislaciones-termicas-flexibles","status":"publish","type":"page","link":"https:\/\/www.jarox.cl\/site\/?page_id=51","title":{"rendered":"Aislaciones T\u00e9rmicas Flexibles"},"content":{"rendered":"<p>[et_pb_section bb_built=\u00bb1&#8243; specialty=\u00bboff\u00bb next_background_color=\u00bb#ffffff\u00bb _builder_version=\u00bb3.14&#8243; background_image=\u00bbhttps:\/\/www.jarox.cl\/site\/wp-content\/uploads\/2018\/09\/fondo-titulo2-1.jpg\u00bb custom_css_main_element=\u00bbheight: 200px;\u00bb][et_pb_row][et_pb_column type=\u00bb4_4&#8243;][et_pb_text _builder_version=\u00bb3.14&#8243; header_font=\u00bb|700|||||||\u00bb header_text_align=\u00bbleft\u00bb header_text_color=\u00bbrgba(255,255,255,0.9)\u00bb header_font_size=\u00bb36px\u00bb]<\/p>\n<h1>Aislaciones T\u00e9rmicas Flexibles<\/h1>\n<p>[\/et_pb_text][\/et_pb_column][\/et_pb_row][\/et_pb_section][et_pb_section bb_built=\u00bb1&#8243; specialty=\u00bboff\u00bb prev_background_color=\u00bb#000000&#8243; next_background_color=\u00bb#e8e8e8&#8243; _builder_version=\u00bb3.14&#8243; custom_margin=\u00bb0px|0px|0px|0px\u00bb custom_padding=\u00bb0px|0px|0px|0px\u00bb border_width_top=\u00bb1px\u00bb border_color_top=\u00bb#e87320&#8243;][et_pb_row _builder_version=\u00bb3.14&#8243; module_alignment=\u00bbcenter\u00bb border_color_top=\u00bb#e87320&#8243; make_fullwidth=\u00bbon\u00bb use_custom_gutter=\u00bbon\u00bb gutter_width=\u00bb1&#8243;][et_pb_column type=\u00bb4_4&#8243;][et_pb_blurb _builder_version=\u00bb3.14&#8243; title=\u00bbGaler\u00eda Im\u00e1genes\u00bb use_icon=\u00bbon\u00bb font_icon=\u00bb%%108%%\u00bb icon_color=\u00bb#f9b120&#8243; use_circle=\u00bbon\u00bb circle_color=\u00bb#000000&#8243; icon_placement=\u00bbleft\u00bb header_text_align=\u00bbleft\u00bb body_text_align=\u00bbleft\u00bb content_max_width=\u00bb549px\u00bb module_alignment=\u00bbleft\u00bb max_width=\u00bb80%\u00bb border_color_top=\u00bb#e87320&#8243;]<\/p>\n<p style=\"text-align: left;\">Haga clic sobre la imagen<\/p>\n<p>[\/et_pb_blurb][et_pb_gallery admin_label=\u00bbGaler\u00eda Aaislaciones flexibles\u00bb _builder_version=\u00bb3.14&#8243; gallery_ids=\u00bb312,314,315,316,317,318,528,529,530,531,532,533,534,535,536,537,269,277,278,194&#8243; zoom_icon_color=\u00bb#2ea3f2&#8243; hover_overlay_color=\u00bbrgba(255,255,255,0.9)\u00bb show_title_and_caption=\u00bboff\u00bb module_alignment=\u00bbcenter\u00bb max_width=\u00bb90%\u00bb border_width_all_image=\u00bb1px\u00bb border_color_all_image=\u00bb#ffffff\u00bb custom_margin=\u00bb20px|||\u00bb \/][\/et_pb_column][\/et_pb_row][et_pb_row _builder_version=\u00bb3.14&#8243; module_alignment=\u00bbcenter\u00bb][et_pb_column type=\u00bb4_4&#8243;][et_pb_text _builder_version=\u00bb3.14&#8243;]<\/p>\n<p style=\"text-align: justify;\"><strong>JAROX \u00a0LTDA.<\/strong> Est\u00e1 en condiciones de suministrar <strong>aislaciones r\u00edgidas y flexibles<\/strong> que permiten cubrir las necesidades de aislar t\u00e9rmicamente equipos o ca\u00f1er\u00edas a fin de evitar la transferencia de temperaturas permitiendo as\u00ed el \u00a0ahorro energ\u00e9tico. \u00a0<a href=\"https:\/\/www.jarox.cl\/site\/aislaciones-termicas\/\">Existen aislaciones del tipo r\u00edgidas<\/a> fabricadas en base a aislante de lana mineral y cubierta de aluminio as\u00ed como tambi\u00e9n del tipo flexibles que tienen la ventaja de ser desmontables y que son fabricadas \u00a0por medio de colchonetas confeccionadas con telas para alta temperatura y relleno de fibra cer\u00e1mica.<\/p>\n<p style=\"text-align: justify;\">Aislar t\u00e9rmicamente un cuerpo met\u00e1lico es necesario para impedir la transferencia de calor desde el interior del cuerpo y hacia \u00e9l, permitiendo el ahorro energ\u00e9tico. Esto es posible confeccionando capas t\u00e9rmicas con distintos tipos de telas que ser\u00e1n utilizadas seg\u00fan los requerimientos del equipo a revestir y las temperaturas que \u00e9ste transmite. Una de sus ventajas es que son piezas desmontables que permiten la manipulaci\u00f3n de los equipos para mantenci\u00f3n.<\/p>\n<p>[\/et_pb_text][\/et_pb_column][\/et_pb_row][\/et_pb_section][et_pb_section bb_built=\u00bb1&#8243; specialty=\u00bboff\u00bb prev_background_color=\u00bb#ffffff\u00bb _builder_version=\u00bb3.14&#8243; background_color=\u00bb#e8e8e8&#8243; global_module=\u00bb470&#8243;][et_pb_row global_parent=\u00bb470&#8243; _builder_version=\u00bb3.14&#8243; module_alignment=\u00bbcenter\u00bb make_fullwidth=\u00bbon\u00bb][et_pb_column type=\u00bb1_3&#8243;][et_pb_image global_parent=\u00bb470&#8243; _builder_version=\u00bb3.14&#8243; src=\u00bbhttps:\/\/www.jarox.cl\/site\/wp-content\/uploads\/2018\/09\/logo-gris.fw_.png\u00bb custom_padding=\u00bb|20px||20px\u00bb \/][\/et_pb_column][et_pb_column type=\u00bb1_3&#8243;][et_pb_blurb admin_label=\u00bbEmail\u00bb global_parent=\u00bb470&#8243; _builder_version=\u00bb3.14&#8243; use_icon=\u00bbon\u00bb font_icon=\u00bb%%153%%\u00bb icon_color=\u00bb#f9aa00&#8243; use_circle=\u00bbon\u00bb circle_color=\u00bbrgba(0,0,0,0.75)\u00bb icon_placement=\u00bbleft\u00bb title=\u00bbE-Mail\u00bb]<\/p>\n<p>ventas@jarox.cl<\/p>\n<p style=\"text-align: justify;\">\n<p>[\/et_pb_blurb][et_pb_blurb admin_label=\u00bbred fija\u00bb global_parent=\u00bb470&#8243; _builder_version=\u00bb3.14&#8243; use_icon=\u00bbon\u00bb font_icon=\u00bb%%264%%\u00bb icon_color=\u00bb#f9aa00&#8243; use_circle=\u00bbon\u00bb circle_color=\u00bbrgba(0,0,0,0.75)\u00bb icon_placement=\u00bbleft\u00bb title=\u00bbRed Fija\u00bb header_font=\u00bbAbel||||||||\u00bb body_font=\u00bbAbel||||||||\u00bb header_text_align=\u00bbleft\u00bb body_text_align=\u00bbleft\u00bb]<\/p>\n<p>+56 2 2893 3328<\/p>\n<p style=\"text-align: justify;\">\n<p>[\/et_pb_blurb][\/et_pb_column][et_pb_column type=\u00bb1_3&#8243;][et_pb_blurb admin_label=\u00bbCelular 1&#8243; global_parent=\u00bb470&#8243; _builder_version=\u00bb3.14&#8243; use_icon=\u00bbon\u00bb font_icon=\u00bb%%104%%\u00bb icon_color=\u00bb#f9aa00&#8243; use_circle=\u00bbon\u00bb circle_color=\u00bbrgba(0,0,0,0.75)\u00bb icon_placement=\u00bbleft\u00bb title=\u00bbCelular 1&#8243;]<\/p>\n<p>+56 9 6689 6359<\/p>\n<p style=\"text-align: justify;\">\n<p>[\/et_pb_blurb][et_pb_blurb admin_label=\u00bbCelular 2&#8243; global_parent=\u00bb470&#8243; _builder_version=\u00bb3.14&#8243; use_icon=\u00bbon\u00bb font_icon=\u00bb%%104%%\u00bb icon_color=\u00bb#f9aa00&#8243; use_circle=\u00bbon\u00bb circle_color=\u00bbrgba(0,0,0,0.75)\u00bb icon_placement=\u00bbleft\u00bb title=\u00bbCelular 2&#8243;]<\/p>\n<p>+56 9 6689 6360<\/p>\n<p style=\"text-align: justify;\">\n<p>[\/et_pb_blurb][\/et_pb_column][\/et_pb_row][et_pb_row global_parent=\u00bb470&#8243; _builder_version=\u00bb3.14&#8243; make_fullwidth=\u00bbon\u00bb custom_margin=\u00bb||-5%|\u00bb][et_pb_column type=\u00bb4_4&#8243;][et_pb_text admin_label=\u00bbTexto creditos\u00bb global_parent=\u00bb470&#8243; _builder_version=\u00bb3.14&#8243; text_font=\u00bbAbel||||||||\u00bb text_font_size=\u00bb11px\u00bb custom_margin=\u00bb-5%|||\u00bb]<\/p>\n<div class=\"et_pb_row et_pb_row_4\">\n<div class=\"et_pb_column et_pb_column_4_4 et_pb_column_9 et_pb_css_mix_blend_mode_passthrough et-last-child\">\n<div class=\"et_pb_module et_pb_text et_pb_text_4 et_pb_bg_layout_light et_pb_text_align_left\">\n<div class=\"et_pb_text_inner\">\n<p style=\"text-align: right;\">\u00a9 JAROX \u2022 Dise\u00f1o web por <a href=\"http:\/\/www.ultraweb.cl\" target=\"_blank\" rel=\"noopener\"><u>Ultraweb.cl<\/u><\/a>\u00a0\u2022 Marca registrada \u2022 Derechos reservados<\/p>\n<\/div>\n<\/div>\n<\/div>\n<\/div>\n<p style=\"text-align: justify;\">\n<p>[\/et_pb_text][\/et_pb_column][\/et_pb_row][\/et_pb_section]<\/p>\n","protected":false},"excerpt":{"rendered":"<p><div class=\"et_pb_row et_pb_row_0 et_pb_row_empty\">\n\t\t\t\t\n\t\t\t\t\n\t\t\t\t\n\t\t\t\t\n\t\t\t\t\n\t\t\t<\/div> Aislaciones T\u00e9rmicas Flexibles Haga clic sobre la imagen JAROX \u00a0LTDA. Est\u00e1 en condiciones de suministrar aislaciones r\u00edgidas y flexibles que permiten cubrir las necesidades de aislar t\u00e9rmicamente equipos o ca\u00f1er\u00edas a fin de evitar la transferencia de temperaturas permitiendo as\u00ed el \u00a0ahorro energ\u00e9tico. \u00a0Existen aislaciones del tipo r\u00edgidas fabricadas en base a aislante de [&hellip;]<\/p>\n","protected":false},"author":1,"featured_media":0,"parent":0,"menu_order":0,"comment_status":"open","ping_status":"open","template":"","meta":{"_et_pb_use_builder":"on","_et_pb_old_content":"<p style=\"text-align: justify;\"><strong>JAROX \u00a0LTDA.<\/strong> Est\u00e1 en condiciones de suministrar <strong>aislaciones r\u00edgidas y flexibles<\/strong> que permiten cubrir las necesidades de aislar t\u00e9rmicamente equipos o ca\u00f1er\u00edas a fin de evitar la transferencia de temperaturas permitiendo as\u00ed el \u00a0ahorro energ\u00e9tico. \u00a0<a href=\"https:\/\/www.jarox.cl\/site\/aislaciones-termicas\/\">Existen aislaciones del tipo r\u00edgidas<\/a> fabricadas en base a aislante de lana mineral y cubierta de aluminio as\u00ed como tambi\u00e9n del tipo flexibles que tienen la ventaja de ser desmontables y que son fabricadas \u00a0por medio de colchonetas confeccionadas con telas para alta temperatura y relleno de fibra cer\u00e1mica.<\/p><p><a href=\"https:\/\/www.jarox.cl\/site\/wp-content\/uploads\/2013\/09\/aislacion-termica-flexible.jpg\"><img class=\"aligncenter size-full wp-image-312\" src=\"https:\/\/www.jarox.cl\/site\/wp-content\/uploads\/2013\/09\/aislacion-termica-flexible.jpg\" alt=\"aislacion-termica-flexible\" width=\"357\" height=\"269\"><\/a><\/p><p style=\"text-align: justify;\">Aislar t\u00e9rmicamente un cuerpo met\u00e1lico es necesario para impedir la transferencia de calor desde el interior del cuerpo y hacia \u00e9l, permitiendo el ahorro energ\u00e9tico. Esto es posible confeccionando capas t\u00e9rmicas con distintos tipos de telas que ser\u00e1n utilizadas seg\u00fan los requerimientos del equipo a revestir y las temperaturas que \u00e9ste transmite. Una de sus ventajas es que son piezas desmontables que permiten la manipulaci\u00f3n de los equipos para mantenci\u00f3n.<\/p><p>[symple_heading type=\"h2\" title=\"Aislaci\u00f3n de Ca\u00f1er\u00edas\" margin_top=\"20px;\" margin_bottom=\"20px\" text_align=\"left\"]<\/p><p><strong>COMPOSICI\u00d3N:<\/strong><br>La espuma elastom\u00e9rica es un elast\u00f3mero de celdas cerradas de aire y revestimiento aislante, muy liviana, flexible e ideal para la aislaci\u00f3n de ca\u00f1er\u00edas, ductos y estanques por su capacidad de evitar la formaci\u00f3n de escarcha en los ductos. Reduce los problemas ocasionados por p\u00e9rdidas t\u00e9rmicas y condensaci\u00f3n en enfriadoras de agua y l\u00edneas frigor\u00edficas.<\/p><p><strong>DISPONIBLE:<\/strong>\u00a0En ca\u00f1os pre-moldeados y planchas seg\u00fan el di\u00e1metro a revestir.<\/p><p>[symple_tabgroup]<br>[symple_tab title=\"<strong>Conductividad T\u00e9rmica<\/strong>\"]<\/p><ul><li>Mantiene coeficiente de conductividad t\u00e9rmica (K) comprendido entre 0,035 y 0,040 w\/m\u00bak.<\/li><li>Temperatura de trabajo desde los -57\u00baC hasta +125\u00baC.<\/li><\/ul><p>[\/symple_tab]<br>[symple_tab title=\"<strong>Resistencia a la humedad y cambios clim\u00e1ticos<\/strong>\"]<\/p><p>Se comporta como una barrera m\u00faltiple de vapor que mantiene estable el coeficiente K, sin necesidad de otros refuerzos en muchas aplicaciones.<br>[\/symple_tab]<br>[\/symple_tabgroup]<\/p><p><img class=\"aligncenter size-full wp-image-269\" src=\"https:\/\/www.jarox.cl\/site\/wp-content\/uploads\/2013\/09\/flex.jpg\" alt=\"flex\" width=\"450\" height=\"397\"><\/p><p>[symple_tabgroup]<\/p><p>[symple_tab title=\"<strong>Propiedades Generales<\/strong>\"]<\/p><ul><li>Absorci\u00f3n de agua 1% (vol) m\u00e1x.<\/li><li>Alta Resistencia mec\u00e1nica<\/li><li>Alta flexibilidad y f\u00e1cil instalaci\u00f3n<\/li><li>Anti vibraci\u00f3n<\/li><li>Anti corrosi\u00f3n<\/li><li>Anti condensaci\u00f3n<\/li><li>Inflamabilidad y densidad de humo.<\/li><\/ul><p>[\/symple_tab]<br>[symple_tab title=\"<strong>A prueba de fuego y humo<\/strong>\"]<\/p><ul><li>Ha sido elaborado de acuerdo a normas ASTM est\u00e1ndar N\u00baD635, UL-94V, JIS N\u00baK6911 entre otras. Tiene un bajo valor de densidad de humos durante la combusti\u00f3n, no se derrite, no gotea part\u00edculas flam\u00edgeras y no es transmisor de llama.<\/li><li>Auto-extinguible<\/li><li>No inflamable<\/li><\/ul><p>[\/symple_tab]<br>[\/symple_tabgroup]<\/p><p>\u00a0<\/p><p><img class=\"aligncenter size-full wp-image-277\" src=\"https:\/\/www.jarox.cl\/site\/wp-content\/uploads\/2013\/09\/WP_20140228_021.jpg\" alt=\"WP_20140228_021\" width=\"500\" height=\"675\"> <img class=\"aligncenter size-full wp-image-278\" src=\"https:\/\/www.jarox.cl\/site\/wp-content\/uploads\/2013\/09\/WP_20140228_023.jpg\" alt=\"WP_20140228_023\" width=\"260\" height=\"462\"><\/p><p>\u00a0<\/p><p>[gallery link=\"none\" size=\"full\" columns=\"2\" ids=\"314,315,316,317,318\"]<\/p>","_et_gb_content_width":"","footnotes":""},"_links":{"self":[{"href":"https:\/\/www.jarox.cl\/site\/index.php?rest_route=\/wp\/v2\/pages\/51"}],"collection":[{"href":"https:\/\/www.jarox.cl\/site\/index.php?rest_route=\/wp\/v2\/pages"}],"about":[{"href":"https:\/\/www.jarox.cl\/site\/index.php?rest_route=\/wp\/v2\/types\/page"}],"author":[{"embeddable":true,"href":"https:\/\/www.jarox.cl\/site\/index.php?rest_route=\/wp\/v2\/users\/1"}],"replies":[{"embeddable":true,"href":"https:\/\/www.jarox.cl\/site\/index.php?rest_route=%2Fwp%2Fv2%2Fcomments&post=51"}],"version-history":[{"count":60,"href":"https:\/\/www.jarox.cl\/site\/index.php?rest_route=\/wp\/v2\/pages\/51\/revisions"}],"predecessor-version":[{"id":857,"href":"https:\/\/www.jarox.cl\/site\/index.php?rest_route=\/wp\/v2\/pages\/51\/revisions\/857"}],"wp:attachment":[{"href":"https:\/\/www.jarox.cl\/site\/index.php?rest_route=%2Fwp%2Fv2%2Fmedia&parent=51"}],"curies":[{"name":"wp","href":"https:\/\/api.w.org\/{rel}","templated":true}]}}